{"id":63,"date":"2025-03-25T02:43:07","date_gmt":"2025-03-25T02:43:07","guid":{"rendered":"https:\/\/celineattar.com\/a-propos\/"},"modified":"2025-11-02T15:02:49","modified_gmt":"2025-11-02T15:02:49","slug":"a-propos","status":"publish","type":"page","link":"https:\/\/celineattar.com\/en\/a-propos\/","title":{"rendered":"A propos"},"content":{"rendered":"<div data-elementor-type=\"wp-page\" data-elementor-id=\"63\" class=\"elementor elementor-63\" data-elementor-post-type=\"page\">\n\t\t\t\t<div class=\"elementor-element elementor-element-b95ac39 e-flex e-con-boxed e-con e-parent\" data-id=\"b95ac39\" data-element_type=\"container\" data-e-type=\"container\" data-settings=\"{&quot;background_background&quot;:&quot;classic&quot;}\">\n\t\t\t\t\t<div class=\"e-con-inner\">\n\t\t<div class=\"elementor-element elementor-element-4a680269 e-con-full e-flex e-con e-child\" data-id=\"4a680269\" data-element_type=\"container\" data-e-type=\"container\">\n\t\t\t\t<div class=\"elementor-element elementor-element-3118e8a6 elementor-invisible elementor-widget elementor-widget-image\" data-id=\"3118e8a6\" data-element_type=\"widget\" data-e-type=\"widget\" data-settings=\"{&quot;_animation&quot;:&quot;fadeInUp&quot;,&quot;_animation_mobile&quot;:&quot;none&quot;}\" data-widget_type=\"image.default\">\n\t\t\t\t<div class=\"elementor-widget-container\">\n\t\t\t\t\t\t\t\t\t\t\t\t\t\t\t<img fetchpriority=\"high\" decoding=\"async\" width=\"768\" height=\"1061\" src=\"https:\/\/celineattar.com\/wp-content\/uploads\/2025\/09\/Celine-Attar-photo-768x1061.png\" class=\"attachment-medium_large size-medium_large wp-image-187\" alt=\"\" srcset=\"https:\/\/celineattar.com\/wp-content\/uploads\/2025\/09\/Celine-Attar-photo-768x1061.png 768w, https:\/\/celineattar.com\/wp-content\/uploads\/2025\/09\/Celine-Attar-photo-217x300.png 217w, https:\/\/celineattar.com\/wp-content\/uploads\/2025\/09\/Celine-Attar-photo-741x1024.png 741w, https:\/\/celineattar.com\/wp-content\/uploads\/2025\/09\/Celine-Attar-photo-1112x1536.png 1112w, https:\/\/celineattar.com\/wp-content\/uploads\/2025\/09\/Celine-Attar-photo-1483x2048.png 1483w, https:\/\/celineattar.com\/wp-content\/uploads\/2025\/09\/Celine-Attar-photo.png 1810w\" sizes=\"(max-width: 768px) 100vw, 768px\" \/>\t\t\t\t\t\t\t\t\t\t\t\t\t\t\t<\/div>\n\t\t\t\t<\/div>\n\t\t<div class=\"elementor-element elementor-element-4281908b e-con-full e-flex e-con e-child\" data-id=\"4281908b\" data-element_type=\"container\" data-e-type=\"container\">\n\t\t\t\t<div class=\"elementor-element elementor-element-5384f41c elementor-widget elementor-widget-heading\" data-id=\"5384f41c\" data-element_type=\"widget\" data-e-type=\"widget\" data-widget_type=\"heading.default\">\n\t\t\t\t<div class=\"elementor-widget-container\">\n\t\t\t\t\t<h2 class=\"elementor-heading-title elementor-size-default\">My story<\/h2>\t\t\t\t<\/div>\n\t\t\t\t<\/div>\n\t\t\t\t<div class=\"elementor-element elementor-element-92a170b elementor-widget elementor-widget-heading\" data-id=\"92a170b\" data-element_type=\"widget\" data-e-type=\"widget\" data-widget_type=\"heading.default\">\n\t\t\t\t<div class=\"elementor-widget-container\">\n\t\t\t\t\t<p class=\"elementor-heading-title elementor-size-default\">\n\n<\/p>\t\t\t\t<\/div>\n\t\t\t\t<\/div>\n\t\t\t\t<div class=\"elementor-element elementor-element-3afe08c7 elementor-widget elementor-widget-text-editor\" data-id=\"3afe08c7\" data-element_type=\"widget\" data-e-type=\"widget\" data-widget_type=\"text-editor.default\">\n\t\t\t\t<div class=\"elementor-widget-container\">\n\t\t\t\t\t\t\t\t\t<p>After nearly 10 years of experience in digital marketing, I felt a deep calling from my heart to give my life greater meaning. Passionate about well-being, personal development, and natural health, naturopathy quickly became the obvious choice. This infinitely enriching journey of learning marked the beginning of a profound inner transformation, fueled by a reconnection with my body and my needs, and by adopting a healthier lifestyle.<\/p><p class=\"translation-block\">Today, I am committed to empowering women to take full control of their health by giving them the tools they need to better understand their cycles and hormones. I firmly believe in the importance of self-reliance and self-awareness so that every woman can take charge of her own vitality and well-being.<\/p>\t\t\t\t\t\t\t\t<\/div>\n\t\t\t\t<\/div>\n\t\t\t\t<\/div>\n\t\t\t\t<\/div>\n\t\t\t\t\t<\/div>\n\t\t\t\t<\/div>\n\t\t<div class=\"elementor-element elementor-element-18e4a1a e-flex e-con-boxed e-con e-parent\" data-id=\"18e4a1a\" data-element_type=\"container\" data-e-type=\"container\" data-settings=\"{&quot;background_background&quot;:&quot;classic&quot;}\">\n\t\t\t\t\t<div class=\"e-con-inner\">\n\t\t<div class=\"elementor-element elementor-element-a63b164 e-con-full e-flex e-con e-child\" data-id=\"a63b164\" data-element_type=\"container\" data-e-type=\"container\">\n\t\t\t\t<div class=\"elementor-element elementor-element-32b5571 elementor-widget elementor-widget-heading\" data-id=\"32b5571\" data-element_type=\"widget\" data-e-type=\"widget\" data-widget_type=\"heading.default\">\n\t\t\t\t<div class=\"elementor-widget-container\">\n\t\t\t\t\t<h2 class=\"elementor-heading-title elementor-size-default\">My values<\/h2>\t\t\t\t<\/div>\n\t\t\t\t<\/div>\n\t\t<div class=\"elementor-element elementor-element-912b0e0 e-con-full e-flex e-con e-child\" data-id=\"912b0e0\" data-element_type=\"container\" data-e-type=\"container\">\n\t\t<div class=\"elementor-element elementor-element-701feda e-con-full e-flex e-con e-child\" data-id=\"701feda\" data-element_type=\"container\" data-e-type=\"container\" data-settings=\"{&quot;background_background&quot;:&quot;classic&quot;}\">\n\t\t\t\t<div class=\"elementor-element elementor-element-815900d elementor-view-default elementor-widget elementor-widget-icon\" data-id=\"815900d\" data-element_type=\"widget\" data-e-type=\"widget\" data-widget_type=\"icon.default\">\n\t\t\t\t<div class=\"elementor-widget-container\">\n\t\t\t\t\t\t\t<div class=\"elementor-icon-wrapper\">\n\t\t\t<div class=\"elementor-icon\">\n\t\t\t<i aria-hidden=\"true\" class=\"fas fa-hand-holding-heart\"><\/i>\t\t\t<\/div>\n\t\t<\/div>\n\t\t\t\t\t\t<\/div>\n\t\t\t\t<\/div>\n\t\t\t\t<div class=\"elementor-element elementor-element-ce6a845 elementor-widget elementor-widget-heading\" data-id=\"ce6a845\" data-element_type=\"widget\" data-e-type=\"widget\" data-widget_type=\"heading.default\">\n\t\t\t\t<div class=\"elementor-widget-container\">\n\t\t\t\t\t<h3 class=\"elementor-heading-title elementor-size-default\">Kindness and empathy<\/h3>\t\t\t\t<\/div>\n\t\t\t\t<\/div>\n\t\t\t\t<\/div>\n\t\t<div class=\"elementor-element elementor-element-68016c4 e-con-full e-flex e-con e-child\" data-id=\"68016c4\" data-element_type=\"container\" data-e-type=\"container\" data-settings=\"{&quot;background_background&quot;:&quot;classic&quot;}\">\n\t\t\t\t<div class=\"elementor-element elementor-element-9837264 elementor-view-default elementor-widget elementor-widget-icon\" data-id=\"9837264\" data-element_type=\"widget\" data-e-type=\"widget\" data-widget_type=\"icon.default\">\n\t\t\t\t<div class=\"elementor-widget-container\">\n\t\t\t\t\t\t\t<div class=\"elementor-icon-wrapper\">\n\t\t\t<div class=\"elementor-icon\">\n\t\t\t<i aria-hidden=\"true\" class=\"fas fa-brain\"><\/i>\t\t\t<\/div>\n\t\t<\/div>\n\t\t\t\t\t\t<\/div>\n\t\t\t\t<\/div>\n\t\t\t\t<div class=\"elementor-element elementor-element-beec98a elementor-widget elementor-widget-heading\" data-id=\"beec98a\" data-element_type=\"widget\" data-e-type=\"widget\" data-widget_type=\"heading.default\">\n\t\t\t\t<div class=\"elementor-widget-container\">\n\t\t\t\t\t<h3 class=\"elementor-heading-title elementor-size-default\">Evidence-based knowledge<\/h3>\t\t\t\t<\/div>\n\t\t\t\t<\/div>\n\t\t\t\t<\/div>\n\t\t<div class=\"elementor-element elementor-element-d8d65a2 e-con-full e-flex e-con e-child\" data-id=\"d8d65a2\" data-element_type=\"container\" data-e-type=\"container\" data-settings=\"{&quot;background_background&quot;:&quot;classic&quot;}\">\n\t\t\t\t<div class=\"elementor-element elementor-element-24ebff4 elementor-view-default elementor-widget elementor-widget-icon\" data-id=\"24ebff4\" data-element_type=\"widget\" data-e-type=\"widget\" data-widget_type=\"icon.default\">\n\t\t\t\t<div class=\"elementor-widget-container\">\n\t\t\t\t\t\t\t<div class=\"elementor-icon-wrapper\">\n\t\t\t<div class=\"elementor-icon\">\n\t\t\t<i aria-hidden=\"true\" class=\"fas fa-people-carry\"><\/i>\t\t\t<\/div>\n\t\t<\/div>\n\t\t\t\t\t\t<\/div>\n\t\t\t\t<\/div>\n\t\t\t\t<div class=\"elementor-element elementor-element-d97180e elementor-widget elementor-widget-heading\" data-id=\"d97180e\" data-element_type=\"widget\" data-e-type=\"widget\" data-widget_type=\"heading.default\">\n\t\t\t\t<div class=\"elementor-widget-container\">\n\t\t\t\t\t<h3 class=\"elementor-heading-title elementor-size-default\">Sharing and transmission<\/h3>\t\t\t\t<\/div>\n\t\t\t\t<\/div>\n\t\t\t\t<\/div>\n\t\t\t\t<\/div>\n\t\t\t\t<\/div>\n\t\t\t\t\t<\/div>\n\t\t\t\t<\/div>\n\t\t<div class=\"elementor-element elementor-element-4cc2fc4 e-flex e-con-boxed e-con e-parent\" data-id=\"4cc2fc4\" data-element_type=\"container\" data-e-type=\"container\" data-settings=\"{&quot;background_background&quot;:&quot;classic&quot;}\">\n\t\t\t\t\t<div class=\"e-con-inner\">\n\t\t<div class=\"elementor-element elementor-element-9e68682 e-con-full e-flex e-con e-child\" data-id=\"9e68682\" data-element_type=\"container\" data-e-type=\"container\">\n\t\t\t\t<\/div>\n\t\t<div class=\"elementor-element elementor-element-ae759ef e-con-full e-flex e-con e-child\" data-id=\"ae759ef\" data-element_type=\"container\" data-e-type=\"container\" data-settings=\"{&quot;background_background&quot;:&quot;classic&quot;}\">\n\t\t\t\t<div class=\"elementor-element elementor-element-d72402d elementor-widget elementor-widget-heading\" data-id=\"d72402d\" data-element_type=\"widget\" data-e-type=\"widget\" data-widget_type=\"heading.default\">\n\t\t\t\t<div class=\"elementor-widget-container\">\n\t\t\t\t\t<h2 class=\"elementor-heading-title elementor-size-default\">My training<\/h2>\t\t\t\t<\/div>\n\t\t\t\t<\/div>\n\t\t<div class=\"elementor-element elementor-element-22c989d e-con-full e-flex e-con e-child\" data-id=\"22c989d\" data-element_type=\"container\" data-e-type=\"container\">\n\t\t\t\t<div class=\"elementor-element elementor-element-b65ba21 elementor-widget elementor-widget-heading\" data-id=\"b65ba21\" data-element_type=\"widget\" data-e-type=\"widget\" data-widget_type=\"heading.default\">\n\t\t\t\t<div class=\"elementor-widget-container\">\n\t\t\t\t\t<h3 class=\"elementor-heading-title elementor-size-default\"><b>2025<\/b><\/h3>\t\t\t\t<\/div>\n\t\t\t\t<\/div>\n\t\t\t\t<div class=\"elementor-element elementor-element-d6d4fd0 elementor-icon-list--layout-traditional elementor-list-item-link-full_width elementor-widget elementor-widget-icon-list\" data-id=\"d6d4fd0\" data-element_type=\"widget\" data-e-type=\"widget\" data-widget_type=\"icon-list.default\">\n\t\t\t\t<div class=\"elementor-widget-container\">\n\t\t\t\t\t\t\t<ul class=\"elementor-icon-list-items\">\n\t\t\t\t\t\t\t<li class=\"elementor-icon-list-item\">\n\t\t\t\t\t\t\t\t\t\t\t<span class=\"elementor-icon-list-icon\">\n\t\t\t\t\t\t\t<i aria-hidden=\"true\" class=\"fas fa-chevron-right\"><\/i>\t\t\t\t\t\t<\/span>\n\t\t\t\t\t\t\t\t\t\t<span class=\"elementor-icon-list-text\">Training <b>Biological Decoding of Diseases<\/b>, Fundamentals Module - Christian Fl\u00e8che School<\/span>\n\t\t\t\t\t\t\t\t\t<\/li>\n\t\t\t\t\t\t\t\t<li class=\"elementor-icon-list-item\">\n\t\t\t\t\t\t\t\t\t\t\t<span class=\"elementor-icon-list-icon\">\n\t\t\t\t\t\t\t<i aria-hidden=\"true\" class=\"fas fa-chevron-right\"><\/i>\t\t\t\t\t\t<\/span>\n\t\t\t\t\t\t\t\t\t\t<span class=\"elementor-icon-list-text\">.<b> Basic <\/b>and <b>Avanced PSYCH-K\u00ae workshops<\/b> -  Rosi Pletzer<\/span>\n\t\t\t\t\t\t\t\t\t<\/li>\n\t\t\t\t\t\t\t\t<li class=\"elementor-icon-list-item\">\n\t\t\t\t\t\t\t\t\t\t\t<span class=\"elementor-icon-list-icon\">\n\t\t\t\t\t\t\t<i aria-hidden=\"true\" class=\"fas fa-chevron-right\"><\/i>\t\t\t\t\t\t<\/span>\n\t\t\t\t\t\t\t\t\t\t<span class=\"elementor-icon-list-text\">Training <b>Naturo Digest<\/b> - Anne-Sophie Pasquet<\/span>\n\t\t\t\t\t\t\t\t\t<\/li>\n\t\t\t\t\t\t<\/ul>\n\t\t\t\t\t\t<\/div>\n\t\t\t\t<\/div>\n\t\t\t\t<div class=\"elementor-element elementor-element-5f11c83 elementor-widget elementor-widget-heading\" data-id=\"5f11c83\" data-element_type=\"widget\" data-e-type=\"widget\" data-widget_type=\"heading.default\">\n\t\t\t\t<div class=\"elementor-widget-container\">\n\t\t\t\t\t<h3 class=\"elementor-heading-title elementor-size-default\"><b>2024<\/b><\/h3>\t\t\t\t<\/div>\n\t\t\t\t<\/div>\n\t\t\t\t<div class=\"elementor-element elementor-element-63cb233 elementor-icon-list--layout-traditional elementor-list-item-link-full_width elementor-widget elementor-widget-icon-list\" data-id=\"63cb233\" data-element_type=\"widget\" data-e-type=\"widget\" data-widget_type=\"icon-list.default\">\n\t\t\t\t<div class=\"elementor-widget-container\">\n\t\t\t\t\t\t\t<ul class=\"elementor-icon-list-items\">\n\t\t\t\t\t\t\t<li class=\"elementor-icon-list-item\">\n\t\t\t\t\t\t\t\t\t\t\t<span class=\"elementor-icon-list-icon\">\n\t\t\t\t\t\t\t<i aria-hidden=\"true\" class=\"fas fa-chevron-right\"><\/i>\t\t\t\t\t\t<\/span>\n\t\t\t\t\t\t\t\t\t\t<span class=\"elementor-icon-list-text\">Certified in <b>Naturopathy<\/b> - Euronature (Aix-en-Provence)<\/span>\n\t\t\t\t\t\t\t\t\t<\/li>\n\t\t\t\t\t\t<\/ul>\n\t\t\t\t\t\t<\/div>\n\t\t\t\t<\/div>\n\t\t\t\t<div class=\"elementor-element elementor-element-e47f5d4 elementor-widget elementor-widget-heading\" data-id=\"e47f5d4\" data-element_type=\"widget\" data-e-type=\"widget\" data-widget_type=\"heading.default\">\n\t\t\t\t<div class=\"elementor-widget-container\">\n\t\t\t\t\t<h3 class=\"elementor-heading-title elementor-size-default\"><b>2023<\/b><\/h3>\t\t\t\t<\/div>\n\t\t\t\t<\/div>\n\t\t\t\t<div class=\"elementor-element elementor-element-b14f66b elementor-icon-list--layout-traditional elementor-list-item-link-full_width elementor-widget elementor-widget-icon-list\" data-id=\"b14f66b\" data-element_type=\"widget\" data-e-type=\"widget\" data-widget_type=\"icon-list.default\">\n\t\t\t\t<div class=\"elementor-widget-container\">\n\t\t\t\t\t\t\t<ul class=\"elementor-icon-list-items\">\n\t\t\t\t\t\t\t<li class=\"elementor-icon-list-item\">\n\t\t\t\t\t\t\t\t\t\t\t<span class=\"elementor-icon-list-icon\">\n\t\t\t\t\t\t\t<i aria-hidden=\"true\" class=\"fas fa-chevron-right\"><\/i>\t\t\t\t\t\t<\/span>\n\t\t\t\t\t\t\t\t\t\t<span class=\"elementor-icon-list-text\">Reiki Level I - Odile Dahan<\/span>\n\t\t\t\t\t\t\t\t\t<\/li>\n\t\t\t\t\t\t<\/ul>\n\t\t\t\t\t\t<\/div>\n\t\t\t\t<\/div>\n\t\t\t\t<\/div>\n\t\t\t\t<div class=\"elementor-element elementor-element-296ce77 elementor-widget elementor-widget-image\" data-id=\"296ce77\" data-element_type=\"widget\" data-e-type=\"widget\" data-widget_type=\"image.default\">\n\t\t\t\t<div class=\"elementor-widget-container\">\n\t\t\t\t\t\t\t\t\t\t\t\t\t\t\t\t<a href=\"https:\/\/www.omnes.fr\/annuaire\/view\/12463\" target=\"_blank\">\n\t\t\t\t\t\t\t<img decoding=\"async\" src=\"https:\/\/celineattar.com\/wp-content\/uploads\/elementor\/thumbs\/LABEL-OMNES-Educateur-trice-carre-HD-re4ahyj5qk3xp290kb5gcqn03px9z4wro8c9hqpqgs.jpg\" title=\"Impression\" alt=\"Impression\" loading=\"lazy\" \/>\t\t\t\t\t\t\t\t<\/a>\n\t\t\t\t\t\t\t\t\t\t\t\t\t\t\t<\/div>\n\t\t\t\t<\/div>\n\t\t\t\t<\/div>\n\t\t<div class=\"elementor-element elementor-element-3cfcc41 e-con-full e-flex e-con e-child\" data-id=\"3cfcc41\" data-element_type=\"container\" data-e-type=\"container\">\n\t\t\t\t<\/div>\n\t\t\t\t\t<\/div>\n\t\t\t\t<\/div>\n\t\t\t\t<\/div>","protected":false},"excerpt":{"rendered":"<p>Mon histoire Apr\u00e8s pr\u00e8s de 10 ans d\u2019exp\u00e9rience dans le marketing digital, j&rsquo;ai ressenti un appel profond du c\u0153ur pour donner davantage de sens \u00e0 ma vie. Passionn\u00e9e par le bien-\u00eatre, le d\u00e9veloppement personnel et la sant\u00e9 naturelle, la Naturopathie s\u2019est rapidement impos\u00e9e comme une \u00e9vidence. Ce parcours d\u2019apprentissage, d\u2019une richesse infinie, a marqu\u00e9 le [&hellip;]<\/p>\n","protected":false},"author":1,"featured_media":0,"parent":0,"menu_order":0,"comment_status":"closed","ping_status":"closed","template":"","meta":{"footnotes":""},"class_list":["post-63","page","type-page","status-publish","hentry"],"yoast_head":"<!-- This site is optimized with the Yoast SEO plugin v27.3 - https:\/\/yoast.com\/product\/yoast-seo-wordpress\/ -->\n<title>A propos - C\u00e9line Attar | Naturopathe sant\u00e9 f\u00e9minine<\/title>\n<meta name=\"robots\" content=\"index, follow, max-snippet:-1, max-image-preview:large, max-video-preview:-1\" \/>\n<link rel=\"canonical\" href=\"https:\/\/celineattar.com\/en\/a-propos\/\" \/>\n<meta property=\"og:locale\" content=\"en_US\" \/>\n<meta property=\"og:type\" content=\"article\" \/>\n<meta property=\"og:title\" content=\"A propos - C\u00e9line Attar | Naturopathe sant\u00e9 f\u00e9minine\" \/>\n<meta property=\"og:description\" content=\"Mon histoire Apr\u00e8s pr\u00e8s de 10 ans d\u2019exp\u00e9rience dans le marketing digital, j&rsquo;ai ressenti un appel profond du c\u0153ur pour donner davantage de sens \u00e0 ma vie. Passionn\u00e9e par le bien-\u00eatre, le d\u00e9veloppement personnel et la sant\u00e9 naturelle, la Naturopathie s\u2019est rapidement impos\u00e9e comme une \u00e9vidence. Ce parcours d\u2019apprentissage, d\u2019une richesse infinie, a marqu\u00e9 le [&hellip;]\" \/>\n<meta property=\"og:url\" content=\"https:\/\/celineattar.com\/en\/a-propos\/\" \/>\n<meta property=\"og:site_name\" content=\"C\u00e9line Attar | Naturopathe sant\u00e9 f\u00e9minine\" \/>\n<meta property=\"article:modified_time\" content=\"2025-11-02T15:02:49+00:00\" \/>\n<meta property=\"og:image\" content=\"https:\/\/celineattar.com\/wp-content\/uploads\/2025\/09\/Celine-Attar-photo-741x1024.png\" \/>\n\t<meta property=\"og:image:width\" content=\"741\" \/>\n\t<meta property=\"og:image:height\" content=\"1024\" \/>\n\t<meta property=\"og:image:type\" content=\"image\/png\" \/>\n<meta name=\"twitter:card\" content=\"summary_large_image\" \/>\n<meta name=\"twitter:label1\" content=\"Est. reading time\" \/>\n\t<meta name=\"twitter:data1\" content=\"2 minutes\" \/>\n<script type=\"application\/ld+json\" class=\"yoast-schema-graph\">{\"@context\":\"https:\\\/\\\/schema.org\",\"@graph\":[{\"@type\":\"WebPage\",\"@id\":\"https:\\\/\\\/celineattar.com\\\/a-propos\\\/\",\"url\":\"https:\\\/\\\/celineattar.com\\\/a-propos\\\/\",\"name\":\"A propos - C\u00e9line Attar | Naturopathe sant\u00e9 f\u00e9minine\",\"isPartOf\":{\"@id\":\"https:\\\/\\\/celineattar.com\\\/#website\"},\"primaryImageOfPage\":{\"@id\":\"https:\\\/\\\/celineattar.com\\\/a-propos\\\/#primaryimage\"},\"image\":{\"@id\":\"https:\\\/\\\/celineattar.com\\\/a-propos\\\/#primaryimage\"},\"thumbnailUrl\":\"https:\\\/\\\/celineattar.com\\\/wp-content\\\/uploads\\\/2025\\\/09\\\/Celine-Attar-photo-768x1061.png\",\"datePublished\":\"2025-03-25T02:43:07+00:00\",\"dateModified\":\"2025-11-02T15:02:49+00:00\",\"breadcrumb\":{\"@id\":\"https:\\\/\\\/celineattar.com\\\/a-propos\\\/#breadcrumb\"},\"inLanguage\":\"en-US\",\"potentialAction\":[{\"@type\":\"ReadAction\",\"target\":[\"https:\\\/\\\/celineattar.com\\\/a-propos\\\/\"]}]},{\"@type\":\"ImageObject\",\"inLanguage\":\"en-US\",\"@id\":\"https:\\\/\\\/celineattar.com\\\/a-propos\\\/#primaryimage\",\"url\":\"https:\\\/\\\/celineattar.com\\\/wp-content\\\/uploads\\\/2025\\\/09\\\/Celine-Attar-photo-768x1061.png\",\"contentUrl\":\"https:\\\/\\\/celineattar.com\\\/wp-content\\\/uploads\\\/2025\\\/09\\\/Celine-Attar-photo-768x1061.png\"},{\"@type\":\"BreadcrumbList\",\"@id\":\"https:\\\/\\\/celineattar.com\\\/a-propos\\\/#breadcrumb\",\"itemListElement\":[{\"@type\":\"ListItem\",\"position\":1,\"name\":\"Accueil\",\"item\":\"https:\\\/\\\/celineattar.com\\\/\"},{\"@type\":\"ListItem\",\"position\":2,\"name\":\"A propos\"}]},{\"@type\":\"WebSite\",\"@id\":\"https:\\\/\\\/celineattar.com\\\/#website\",\"url\":\"https:\\\/\\\/celineattar.com\\\/\",\"name\":\"C\u00e9line Attar | Naturopathe sant\u00e9 f\u00e9minine\",\"description\":\"\",\"publisher\":{\"@id\":\"https:\\\/\\\/celineattar.com\\\/#organization\"},\"potentialAction\":[{\"@type\":\"SearchAction\",\"target\":{\"@type\":\"EntryPoint\",\"urlTemplate\":\"https:\\\/\\\/celineattar.com\\\/?s={search_term_string}\"},\"query-input\":{\"@type\":\"PropertyValueSpecification\",\"valueRequired\":true,\"valueName\":\"search_term_string\"}}],\"inLanguage\":\"en-US\"},{\"@type\":\"Organization\",\"@id\":\"https:\\\/\\\/celineattar.com\\\/#organization\",\"name\":\"C\u00e9line Attar | Naturopathe sant\u00e9 f\u00e9minine\",\"url\":\"https:\\\/\\\/celineattar.com\\\/\",\"logo\":{\"@type\":\"ImageObject\",\"inLanguage\":\"en-US\",\"@id\":\"https:\\\/\\\/celineattar.com\\\/#\\\/schema\\\/logo\\\/image\\\/\",\"url\":\"https:\\\/\\\/celineattar.com\\\/wp-content\\\/uploads\\\/2025\\\/09\\\/Copie-de-Celine-Attar-3-e1758707835275.png\",\"contentUrl\":\"https:\\\/\\\/celineattar.com\\\/wp-content\\\/uploads\\\/2025\\\/09\\\/Copie-de-Celine-Attar-3-e1758707835275.png\",\"width\":859,\"height\":114,\"caption\":\"C\u00e9line Attar | Naturopathe sant\u00e9 f\u00e9minine\"},\"image\":{\"@id\":\"https:\\\/\\\/celineattar.com\\\/#\\\/schema\\\/logo\\\/image\\\/\"},\"sameAs\":[\"https:\\\/\\\/www.instagram.com\\\/celineattar_naturo\"]}]}<\/script>\n<!-- \/ Yoast SEO plugin. -->","yoast_head_json":{"title":"A propos - C\u00e9line Attar | Naturopathe sant\u00e9 f\u00e9minine","robots":{"index":"index","follow":"follow","max-snippet":"max-snippet:-1","max-image-preview":"max-image-preview:large","max-video-preview":"max-video-preview:-1"},"canonical":"https:\/\/celineattar.com\/en\/a-propos\/","og_locale":"en_US","og_type":"article","og_title":"A propos - C\u00e9line Attar | Naturopathe sant\u00e9 f\u00e9minine","og_description":"Mon histoire Apr\u00e8s pr\u00e8s de 10 ans d\u2019exp\u00e9rience dans le marketing digital, j&rsquo;ai ressenti un appel profond du c\u0153ur pour donner davantage de sens \u00e0 ma vie. Passionn\u00e9e par le bien-\u00eatre, le d\u00e9veloppement personnel et la sant\u00e9 naturelle, la Naturopathie s\u2019est rapidement impos\u00e9e comme une \u00e9vidence. Ce parcours d\u2019apprentissage, d\u2019une richesse infinie, a marqu\u00e9 le [&hellip;]","og_url":"https:\/\/celineattar.com\/en\/a-propos\/","og_site_name":"C\u00e9line Attar | Naturopathe sant\u00e9 f\u00e9minine","article_modified_time":"2025-11-02T15:02:49+00:00","og_image":[{"width":741,"height":1024,"url":"https:\/\/celineattar.com\/wp-content\/uploads\/2025\/09\/Celine-Attar-photo-741x1024.png","type":"image\/png"}],"twitter_card":"summary_large_image","twitter_misc":{"Est. reading time":"2 minutes"},"schema":{"@context":"https:\/\/schema.org","@graph":[{"@type":"WebPage","@id":"https:\/\/celineattar.com\/a-propos\/","url":"https:\/\/celineattar.com\/a-propos\/","name":"A propos - C\u00e9line Attar | Naturopathe sant\u00e9 f\u00e9minine","isPartOf":{"@id":"https:\/\/celineattar.com\/#website"},"primaryImageOfPage":{"@id":"https:\/\/celineattar.com\/a-propos\/#primaryimage"},"image":{"@id":"https:\/\/celineattar.com\/a-propos\/#primaryimage"},"thumbnailUrl":"https:\/\/celineattar.com\/wp-content\/uploads\/2025\/09\/Celine-Attar-photo-768x1061.png","datePublished":"2025-03-25T02:43:07+00:00","dateModified":"2025-11-02T15:02:49+00:00","breadcrumb":{"@id":"https:\/\/celineattar.com\/a-propos\/#breadcrumb"},"inLanguage":"en-US","potentialAction":[{"@type":"ReadAction","target":["https:\/\/celineattar.com\/a-propos\/"]}]},{"@type":"ImageObject","inLanguage":"en-US","@id":"https:\/\/celineattar.com\/a-propos\/#primaryimage","url":"https:\/\/celineattar.com\/wp-content\/uploads\/2025\/09\/Celine-Attar-photo-768x1061.png","contentUrl":"https:\/\/celineattar.com\/wp-content\/uploads\/2025\/09\/Celine-Attar-photo-768x1061.png"},{"@type":"BreadcrumbList","@id":"https:\/\/celineattar.com\/a-propos\/#breadcrumb","itemListElement":[{"@type":"ListItem","position":1,"name":"Accueil","item":"https:\/\/celineattar.com\/"},{"@type":"ListItem","position":2,"name":"A propos"}]},{"@type":"WebSite","@id":"https:\/\/celineattar.com\/#website","url":"https:\/\/celineattar.com\/","name":"C\u00e9line Attar | Naturopathe sant\u00e9 f\u00e9minine","description":"","publisher":{"@id":"https:\/\/celineattar.com\/#organization"},"potentialAction":[{"@type":"SearchAction","target":{"@type":"EntryPoint","urlTemplate":"https:\/\/celineattar.com\/?s={search_term_string}"},"query-input":{"@type":"PropertyValueSpecification","valueRequired":true,"valueName":"search_term_string"}}],"inLanguage":"en-US"},{"@type":"Organization","@id":"https:\/\/celineattar.com\/#organization","name":"C\u00e9line Attar | Naturopathe sant\u00e9 f\u00e9minine","url":"https:\/\/celineattar.com\/","logo":{"@type":"ImageObject","inLanguage":"en-US","@id":"https:\/\/celineattar.com\/#\/schema\/logo\/image\/","url":"https:\/\/celineattar.com\/wp-content\/uploads\/2025\/09\/Copie-de-Celine-Attar-3-e1758707835275.png","contentUrl":"https:\/\/celineattar.com\/wp-content\/uploads\/2025\/09\/Copie-de-Celine-Attar-3-e1758707835275.png","width":859,"height":114,"caption":"C\u00e9line Attar | Naturopathe sant\u00e9 f\u00e9minine"},"image":{"@id":"https:\/\/celineattar.com\/#\/schema\/logo\/image\/"},"sameAs":["https:\/\/www.instagram.com\/celineattar_naturo"]}]}},"_links":{"self":[{"href":"https:\/\/celineattar.com\/en\/wp-json\/wp\/v2\/pages\/63","targetHints":{"allow":["GET"]}}],"collection":[{"href":"https:\/\/celineattar.com\/en\/wp-json\/wp\/v2\/pages"}],"about":[{"href":"https:\/\/celineattar.com\/en\/wp-json\/wp\/v2\/types\/page"}],"author":[{"embeddable":true,"href":"https:\/\/celineattar.com\/en\/wp-json\/wp\/v2\/users\/1"}],"replies":[{"embeddable":true,"href":"https:\/\/celineattar.com\/en\/wp-json\/wp\/v2\/comments?post=63"}],"version-history":[{"count":42,"href":"https:\/\/celineattar.com\/en\/wp-json\/wp\/v2\/pages\/63\/revisions"}],"predecessor-version":[{"id":669,"href":"https:\/\/celineattar.com\/en\/wp-json\/wp\/v2\/pages\/63\/revisions\/669"}],"wp:attachment":[{"href":"https:\/\/celineattar.com\/en\/wp-json\/wp\/v2\/media?parent=63"}],"curies":[{"name":"wp","href":"https:\/\/api.w.org\/{rel}","templated":true}]}}