{"id":60,"date":"2025-03-25T17:02:08","date_gmt":"2025-03-25T17:02:08","guid":{"rendered":"https:\/\/celineattar.com\/contact\/"},"modified":"2026-02-22T15:06:30","modified_gmt":"2026-02-22T15:06:30","slug":"contact","status":"publish","type":"page","link":"https:\/\/celineattar.com\/en\/contact\/","title":{"rendered":"Contact"},"content":{"rendered":"\t\t<div data-elementor-type=\"wp-page\" data-elementor-id=\"60\" class=\"elementor elementor-60\" data-elementor-post-type=\"page\">\n\t\t\t\t<div class=\"elementor-element elementor-element-147853a1 e-flex e-con-boxed e-con e-parent\" data-id=\"147853a1\" data-element_type=\"container\" data-e-type=\"container\" data-settings=\"{&quot;background_background&quot;:&quot;classic&quot;}\">\n\t\t\t\t\t<div class=\"e-con-inner\">\n\t\t<div class=\"elementor-element elementor-element-40c2aa70 e-flex e-con-boxed e-con e-child\" data-id=\"40c2aa70\" data-element_type=\"container\" data-e-type=\"container\">\n\t\t\t\t\t<div class=\"e-con-inner\">\n\t\t\t\t<div class=\"elementor-element elementor-element-70bc91d7 elementor-widget elementor-widget-heading\" data-id=\"70bc91d7\" data-element_type=\"widget\" data-e-type=\"widget\" data-widget_type=\"heading.default\">\n\t\t\t\t<div class=\"elementor-widget-container\">\n\t\t\t\t\t<h1 class=\"elementor-heading-title elementor-size-default\">Contact<\/h1>\t\t\t\t<\/div>\n\t\t\t\t<\/div>\n\t\t\t\t\t<\/div>\n\t\t\t\t<\/div>\n\t\t<div class=\"elementor-element elementor-element-29b06db6 e-con-full e-flex e-con e-child\" data-id=\"29b06db6\" data-element_type=\"container\" data-e-type=\"container\">\n\t\t<div class=\"elementor-element elementor-element-7e56fea e-con-full e-flex e-con e-child\" data-id=\"7e56fea\" data-element_type=\"container\" data-e-type=\"container\">\n\t\t\t\t<div class=\"elementor-element elementor-element-b19472e elementor-widget elementor-widget-image\" data-id=\"b19472e\" data-element_type=\"widget\" data-e-type=\"widget\" data-widget_type=\"image.default\">\n\t\t\t\t<div class=\"elementor-widget-container\">\n\t\t\t\t\t\t\t\t\t\t\t\t\t\t\t<img fetchpriority=\"high\" decoding=\"async\" width=\"594\" height=\"742\" src=\"https:\/\/celineattar.com\/wp-content\/uploads\/2026\/02\/Photo-profil-celine-attar-2.png\" class=\"attachment-large size-large wp-image-792\" alt=\"\" srcset=\"https:\/\/celineattar.com\/wp-content\/uploads\/2026\/02\/Photo-profil-celine-attar-2.png 594w, https:\/\/celineattar.com\/wp-content\/uploads\/2026\/02\/Photo-profil-celine-attar-2-240x300.png 240w\" sizes=\"(max-width: 594px) 100vw, 594px\" \/>\t\t\t\t\t\t\t\t\t\t\t\t\t\t\t<\/div>\n\t\t\t\t<\/div>\n\t\t\t\t<div class=\"elementor-element elementor-element-4e892153 elementor-widget elementor-widget-heading\" data-id=\"4e892153\" data-element_type=\"widget\" data-e-type=\"widget\" data-widget_type=\"heading.default\">\n\t\t\t\t<div class=\"elementor-widget-container\">\n\t\t\t\t\t<h2 class=\"elementor-heading-title elementor-size-default\">C\u00e9line Attar<\/h2>\t\t\t\t<\/div>\n\t\t\t\t<\/div>\n\t\t\t\t<div class=\"elementor-element elementor-element-1134dd6e elementor-widget elementor-widget-text-editor\" data-id=\"1134dd6e\" data-element_type=\"widget\" data-e-type=\"widget\" data-widget_type=\"text-editor.default\">\n\t\t\t\t<div class=\"elementor-widget-container\">\n\t\t\t\t\t\t\t\t\t<p><strong>Adresse :<\/strong> 5 rue de la Touloubre, 13770 VENELLES<\/p><p><strong>T\u00e9l. :<\/strong> 06 65 18 19 84<\/p><p><strong>Horaires :<\/strong><br \/>9:00 &#8211; 12:00<br \/>14:00 &#8211; 19:00\u00a0<\/p>\t\t\t\t\t\t\t\t<\/div>\n\t\t\t\t<\/div>\n\t\t\t\t<\/div>\n\t\t<div class=\"elementor-element elementor-element-732c3096 e-con-full e-flex e-con e-child\" data-id=\"732c3096\" data-element_type=\"container\" data-e-type=\"container\" data-settings=\"{&quot;background_background&quot;:&quot;classic&quot;}\">\n\t\t\t\t<div class=\"elementor-element elementor-element-6ce7e355 elementor-button-align-center elementor-widget elementor-widget-form\" data-id=\"6ce7e355\" data-element_type=\"widget\" data-e-type=\"widget\" data-settings=\"{&quot;step_next_label&quot;:&quot;Suivant&quot;,&quot;step_previous_label&quot;:&quot;Pr\\u00e9c\\u00e9dent&quot;,&quot;button_width&quot;:&quot;100&quot;,&quot;step_type&quot;:&quot;number_text&quot;,&quot;step_icon_shape&quot;:&quot;circle&quot;}\" data-widget_type=\"form.default\">\n\t\t\t\t<div class=\"elementor-widget-container\">\n\t\t\t\t\t\t\t<form class=\"elementor-form\" method=\"post\" id=\"contactform\" name=\"Contact form\" aria-label=\"Contact form\" novalidate=\"\">\n\t\t\t<input type=\"hidden\" name=\"post_id\" value=\"60\"\/>\n\t\t\t<input type=\"hidden\" name=\"form_id\" value=\"6ce7e355\"\/>\n\t\t\t<input type=\"hidden\" name=\"referer_title\" value=\"Contact - C\u00e9line Attar | Naturopathe sant\u00e9 f\u00e9minine\" \/>\n\n\t\t\t\t\t\t\t<input type=\"hidden\" name=\"queried_id\" value=\"60\"\/>\n\t\t\t\n\t\t\t<div class=\"elementor-form-fields-wrapper elementor-labels-above\">\n\t\t\t\t\t\t\t\t<div class=\"elementor-field-type-text elementor-field-group elementor-column elementor-field-group-prenom elementor-col-50 elementor-field-required elementor-mark-required\">\n\t\t\t\t\t\t\t\t\t\t\t\t<label for=\"form-field-prenom\" class=\"elementor-field-label\">\n\t\t\t\t\t\t\t\tPr\u00e9nom\t\t\t\t\t\t\t<\/label>\n\t\t\t\t\t\t\t\t\t\t\t\t\t\t<input size=\"1\" type=\"text\" name=\"form_fields[prenom]\" id=\"form-field-prenom\" class=\"elementor-field elementor-size-md  elementor-field-textual\" placeholder=\"L\u00e9a\" required=\"required\">\n\t\t\t\t\t\t\t\t\t\t\t<\/div>\n\t\t\t\t\t\t\t\t<div class=\"elementor-field-type-text elementor-field-group elementor-column elementor-field-group-nom elementor-col-50 elementor-field-required elementor-mark-required\">\n\t\t\t\t\t\t\t\t\t\t\t\t<label for=\"form-field-nom\" class=\"elementor-field-label\">\n\t\t\t\t\t\t\t\tNom\t\t\t\t\t\t\t<\/label>\n\t\t\t\t\t\t\t\t\t\t\t\t\t\t<input size=\"1\" type=\"text\" name=\"form_fields[nom]\" id=\"form-field-nom\" class=\"elementor-field elementor-size-md  elementor-field-textual\" placeholder=\"Martin\" required=\"required\">\n\t\t\t\t\t\t\t\t\t\t\t<\/div>\n\t\t\t\t\t\t\t\t<div class=\"elementor-field-type-email elementor-field-group elementor-column elementor-field-group-email elementor-col-100 elementor-field-required elementor-mark-required\">\n\t\t\t\t\t\t\t\t\t\t\t\t<label for=\"form-field-email\" class=\"elementor-field-label\">\n\t\t\t\t\t\t\t\tEmail\t\t\t\t\t\t\t<\/label>\n\t\t\t\t\t\t\t\t\t\t\t\t\t\t<input size=\"1\" type=\"email\" name=\"form_fields[email]\" id=\"form-field-email\" class=\"elementor-field elementor-size-md  elementor-field-textual\" placeholder=\"contact@mail.com\" required=\"required\">\n\t\t\t\t\t\t\t\t\t\t\t<\/div>\n\t\t\t\t\t\t\t\t<div class=\"elementor-field-type-text elementor-field-group elementor-column elementor-field-group-subject elementor-col-100 elementor-field-required elementor-mark-required\">\n\t\t\t\t\t\t\t\t\t\t\t\t<label for=\"form-field-subject\" class=\"elementor-field-label\">\n\t\t\t\t\t\t\t\tObjet\t\t\t\t\t\t\t<\/label>\n\t\t\t\t\t\t\t\t\t\t\t\t\t\t<input size=\"1\" type=\"text\" name=\"form_fields[subject]\" id=\"form-field-subject\" class=\"elementor-field elementor-size-md  elementor-field-textual\" placeholder=\"Ce message est \u00e0 propos de...\" required=\"required\">\n\t\t\t\t\t\t\t\t\t\t\t<\/div>\n\t\t\t\t\t\t\t\t<div class=\"elementor-field-type-textarea elementor-field-group elementor-column elementor-field-group-message elementor-col-100 elementor-field-required elementor-mark-required\">\n\t\t\t\t\t\t\t\t\t\t\t\t<label for=\"form-field-message\" class=\"elementor-field-label\">\n\t\t\t\t\t\t\t\tMessage\t\t\t\t\t\t\t<\/label>\n\t\t\t\t\t\t<textarea class=\"elementor-field-textual elementor-field  elementor-size-md\" name=\"form_fields[message]\" id=\"form-field-message\" rows=\"10\" placeholder=\"Bonjour,\" required=\"required\"><\/textarea>\t\t\t\t<\/div>\n\t\t\t\t\t\t\t\t<div class=\"elementor-field-type-acceptance elementor-field-group elementor-column elementor-field-group-rgpd elementor-col-100 elementor-field-required elementor-mark-required\">\n\t\t\t\t\t\t\t\t\t\t\t\t<label for=\"form-field-rgpd\" class=\"elementor-field-label\">\n\t\t\t\t\t\t\t\tUtilisation des donn\u00e9es\t\t\t\t\t\t\t<\/label>\n\t\t\t\t\t\t\t\t<div class=\"elementor-field-subgroup\">\n\t\t\t<span class=\"elementor-field-option\">\n\t\t\t\t<input type=\"checkbox\" name=\"form_fields[rgpd]\" id=\"form-field-rgpd\" class=\"elementor-field elementor-size-md  elementor-acceptance-field\" required=\"required\">\n\t\t\t\t<label for=\"form-field-rgpd\">J'accepte la politique de confidentialit\u00e9<\/label>\t\t\t<\/span>\n\t\t<\/div>\n\t\t\t\t\t\t<\/div>\n\t\t\t\t\t\t\t\t<div class=\"elementor-field-group elementor-column elementor-field-type-submit elementor-col-100 e-form__buttons\">\n\t\t\t\t\t<button class=\"elementor-button elementor-size-md\" type=\"submit\">\n\t\t\t\t\t\t<span class=\"elementor-button-content-wrapper\">\n\t\t\t\t\t\t\t\t\t\t\t\t\t\t\t\t\t\t\t\t\t\t<span class=\"elementor-button-text\">Envoyer<\/span>\n\t\t\t\t\t\t\t\t\t\t\t\t\t<\/span>\n\t\t\t\t\t<\/button>\n\t\t\t\t<\/div>\n\t\t\t<\/div>\n\t\t<\/form>\n\t\t\t\t\t\t<\/div>\n\t\t\t\t<\/div>\n\t\t\t\t<div class=\"elementor-element elementor-element-4c9f7192 elementor-widget elementor-widget-heading\" data-id=\"4c9f7192\" data-element_type=\"widget\" data-e-type=\"widget\" data-widget_type=\"heading.default\">\n\t\t\t\t<div class=\"elementor-widget-container\">\n\t\t\t\t\t<p class=\"elementor-heading-title elementor-size-small\"><a href=\"#\">Plus de d\u00e9tail \u00e0 propos de la politique de confidentialit\u00e9 ici<\/a><\/p>\t\t\t\t<\/div>\n\t\t\t\t<\/div>\n\t\t\t\t<\/div>\n\t\t\t\t<\/div>\n\t\t\t\t\t<\/div>\n\t\t\t\t<\/div>\n\t\t<div class=\"elementor-element elementor-element-2b2c029 e-flex e-con-boxed e-con e-parent\" data-id=\"2b2c029\" data-element_type=\"container\" data-e-type=\"container\">\n\t\t\t\t\t<div class=\"e-con-inner\">\n\t\t\t\t\t<\/div>\n\t\t\t\t<\/div>\n\t\t<div class=\"elementor-element elementor-element-04eafe3 e-flex e-con-boxed e-con e-parent\" data-id=\"04eafe3\" data-element_type=\"container\" data-e-type=\"container\">\n\t\t\t\t\t<div class=\"e-con-inner\">\n\t\t\t\t<div class=\"elementor-element elementor-element-6a5e04f elementor-widget elementor-widget-heading\" data-id=\"6a5e04f\" data-element_type=\"widget\" data-e-type=\"widget\" data-widget_type=\"heading.default\">\n\t\t\t\t<div class=\"elementor-widget-container\">\n\t\t\t\t\t<h2 class=\"elementor-heading-title elementor-size-default\">\nVenir au cabinet<\/h2>\t\t\t\t<\/div>\n\t\t\t\t<\/div>\n\t\t\t\t<div class=\"elementor-element elementor-element-2731449 elementor-widget elementor-widget-text-editor\" data-id=\"2731449\" data-element_type=\"widget\" data-e-type=\"widget\" data-widget_type=\"text-editor.default\">\n\t\t\t\t<div class=\"elementor-widget-container\">\n\t\t\t\t\t\t\t\t\t<p class=\"font_8 wixui-rich-text__text\"><u>Depuis Aix-en-Provence<\/u> :\u00a0<\/p><p class=\"font_8 wixui-rich-text__text\"><span class=\"wixui-rich-text__text\"><b>\u2022 En voiture :<\/b> par l&rsquo;A51, sortie n\u00b012 direction Aix-Les-Platanes puis la D96 vers Venelles.\u00a0<\/span><\/p><p class=\"font_8 wixui-rich-text__text\"><span class=\"wixui-rich-text__text\"><b>\u2022 En Bus :<\/b> Ligne 25, Arr\u00eat Les Logissons.<\/span><\/p><p><b>Stationnement gratuit <\/b>et<b> facile<\/b> juste devant le cabinet.<\/p><p class=\"font_8 wixui-rich-text__text\"><span class=\"wixui-rich-text__text\">Le\u00a0r\u00e8glement\u00a0pourra se faire par\u00a0<b>ch\u00e8que<\/b> ou <b>esp\u00e8ces.<\/b><\/span><\/p><p class=\"font_8 wixui-rich-text__text\"><span class=\"wixui-rich-text__text\">La prise de rendez-vous se fait sur <u><a class=\"wixui-rich-text__text\" href=\"https:\/\/zcal.co\/celineattar\" target=\"_blank\" rel=\"noreferrer noopener\">ZCAL<\/a><\/u>.\u00a0<\/span><\/p>\t\t\t\t\t\t\t\t<\/div>\n\t\t\t\t<\/div>\n\t\t\t\t\t<\/div>\n\t\t\t\t<\/div>\n\t\t<div class=\"elementor-element elementor-element-a0b45b8 e-flex e-con-boxed e-con e-parent\" data-id=\"a0b45b8\" data-element_type=\"container\" data-e-type=\"container\">\n\t\t\t\t\t<div class=\"e-con-inner\">\n\t\t\t\t<div class=\"elementor-element elementor-element-3ea9d59 elementor-widget elementor-widget-google_maps\" data-id=\"3ea9d59\" data-element_type=\"widget\" data-e-type=\"widget\" data-widget_type=\"google_maps.default\">\n\t\t\t\t<div class=\"elementor-widget-container\">\n\t\t\t\t\t\t\t<div class=\"elementor-custom-embed\">\n\t\t\t<iframe loading=\"lazy\"\n\t\t\t\t\tsrc=\"https:\/\/maps.google.com\/maps?q=5%20rue%20de%20la%20touloubre&#038;t=m&#038;z=16&#038;output=embed&#038;iwloc=near\"\n\t\t\t\t\ttitle=\"5 rue de la touloubre\"\n\t\t\t\t\taria-label=\"5 rue de la touloubre\"\n\t\t\t><\/iframe>\n\t\t<\/div>\n\t\t\t\t\t\t<\/div>\n\t\t\t\t<\/div>\n\t\t\t\t<div class=\"elementor-element elementor-element-5bf1abe elementor-widget elementor-widget-spacer\" data-id=\"5bf1abe\" data-element_type=\"widget\" data-e-type=\"widget\" data-widget_type=\"spacer.default\">\n\t\t\t\t<div class=\"elementor-widget-container\">\n\t\t\t\t\t\t\t<div class=\"elementor-spacer\">\n\t\t\t<div class=\"elementor-spacer-inner\"><\/div>\n\t\t<\/div>\n\t\t\t\t\t\t<\/div>\n\t\t\t\t<\/div>\n\t\t\t\t\t<\/div>\n\t\t\t\t<\/div>\n\t\t\t\t<\/div>\n\t\t","protected":false},"excerpt":{"rendered":"<p>Contact C\u00e9line Attar Adresse : 5 rue de la Touloubre, 13770 VENELLES T\u00e9l. : 06 65 18 19 84 Horaires :9:00 &#8211; 12:0014:00 &#8211; 19:00\u00a0 Plus de d\u00e9tail \u00e0 propos de la politique de confidentialit\u00e9 ici Venir au cabinet Depuis Aix-en-Provence :\u00a0 \u2022 En voiture : par l&rsquo;A51, sortie n\u00b012 direction Aix-Les-Platanes puis la D96 [&hellip;]<\/p>\n","protected":false},"author":1,"featured_media":0,"parent":0,"menu_order":0,"comment_status":"closed","ping_status":"closed","template":"","meta":{"footnotes":""},"class_list":["post-60","page","type-page","status-publish","hentry"],"yoast_head":"<!-- This site is optimized with the Yoast SEO plugin v27.3 - https:\/\/yoast.com\/product\/yoast-seo-wordpress\/ -->\n<title>Contact - C\u00e9line Attar | Naturopathe sant\u00e9 f\u00e9minine<\/title>\n<meta name=\"description\" content=\"Vous pouvez me contacter en remplissant le formulaire ci-dessous. Je vous re\u00e7ois \u00e0 mon cabinet pr\u00e8s d&#039;Aix-en-Provence ainsi qu&#039;en visio.\" \/>\n<meta name=\"robots\" content=\"index, follow, max-snippet:-1, max-image-preview:large, max-video-preview:-1\" \/>\n<link rel=\"canonical\" href=\"https:\/\/celineattar.com\/en\/contact\/\" \/>\n<meta property=\"og:locale\" content=\"en_US\" \/>\n<meta property=\"og:type\" content=\"article\" \/>\n<meta property=\"og:title\" content=\"Contact - C\u00e9line Attar | Naturopathe sant\u00e9 f\u00e9minine\" \/>\n<meta property=\"og:description\" content=\"Vous pouvez me contacter en remplissant le formulaire ci-dessous. Je vous re\u00e7ois \u00e0 mon cabinet pr\u00e8s d&#039;Aix-en-Provence ainsi qu&#039;en visio.\" \/>\n<meta property=\"og:url\" content=\"https:\/\/celineattar.com\/en\/contact\/\" \/>\n<meta property=\"og:site_name\" content=\"C\u00e9line Attar | Naturopathe sant\u00e9 f\u00e9minine\" \/>\n<meta property=\"article:modified_time\" content=\"2026-02-22T15:06:30+00:00\" \/>\n<meta property=\"og:image\" content=\"https:\/\/celineattar.com\/wp-content\/uploads\/2026\/02\/Photo-profil-celine-attar-2.png\" \/>\n\t<meta property=\"og:image:width\" content=\"594\" \/>\n\t<meta property=\"og:image:height\" content=\"742\" \/>\n\t<meta property=\"og:image:type\" content=\"image\/png\" \/>\n<meta name=\"twitter:card\" content=\"summary_large_image\" \/>\n<meta name=\"twitter:label1\" content=\"Est. reading time\" \/>\n\t<meta name=\"twitter:data1\" content=\"1 minute\" \/>\n<script type=\"application\/ld+json\" class=\"yoast-schema-graph\">{\"@context\":\"https:\\\/\\\/schema.org\",\"@graph\":[{\"@type\":[\"WebPage\",\"ContactPage\"],\"@id\":\"https:\\\/\\\/celineattar.com\\\/contact\\\/\",\"url\":\"https:\\\/\\\/celineattar.com\\\/contact\\\/\",\"name\":\"Contact - C\u00e9line Attar | Naturopathe sant\u00e9 f\u00e9minine\",\"isPartOf\":{\"@id\":\"https:\\\/\\\/celineattar.com\\\/#website\"},\"primaryImageOfPage\":{\"@id\":\"https:\\\/\\\/celineattar.com\\\/contact\\\/#primaryimage\"},\"image\":{\"@id\":\"https:\\\/\\\/celineattar.com\\\/contact\\\/#primaryimage\"},\"thumbnailUrl\":\"https:\\\/\\\/celineattar.com\\\/wp-content\\\/uploads\\\/2026\\\/02\\\/Photo-profil-celine-attar-2.png\",\"datePublished\":\"2025-03-25T17:02:08+00:00\",\"dateModified\":\"2026-02-22T15:06:30+00:00\",\"description\":\"Vous pouvez me contacter en remplissant le formulaire ci-dessous. Je vous re\u00e7ois \u00e0 mon cabinet pr\u00e8s d'Aix-en-Provence ainsi qu'en visio.\",\"breadcrumb\":{\"@id\":\"https:\\\/\\\/celineattar.com\\\/contact\\\/#breadcrumb\"},\"inLanguage\":\"en-US\",\"potentialAction\":[{\"@type\":\"ReadAction\",\"target\":[\"https:\\\/\\\/celineattar.com\\\/contact\\\/\"]}]},{\"@type\":\"ImageObject\",\"inLanguage\":\"en-US\",\"@id\":\"https:\\\/\\\/celineattar.com\\\/contact\\\/#primaryimage\",\"url\":\"https:\\\/\\\/celineattar.com\\\/wp-content\\\/uploads\\\/2026\\\/02\\\/Photo-profil-celine-attar-2.png\",\"contentUrl\":\"https:\\\/\\\/celineattar.com\\\/wp-content\\\/uploads\\\/2026\\\/02\\\/Photo-profil-celine-attar-2.png\"},{\"@type\":\"BreadcrumbList\",\"@id\":\"https:\\\/\\\/celineattar.com\\\/contact\\\/#breadcrumb\",\"itemListElement\":[{\"@type\":\"ListItem\",\"position\":1,\"name\":\"Accueil\",\"item\":\"https:\\\/\\\/celineattar.com\\\/\"},{\"@type\":\"ListItem\",\"position\":2,\"name\":\"Contact\"}]},{\"@type\":\"WebSite\",\"@id\":\"https:\\\/\\\/celineattar.com\\\/#website\",\"url\":\"https:\\\/\\\/celineattar.com\\\/\",\"name\":\"C\u00e9line Attar | Naturopathe sant\u00e9 f\u00e9minine\",\"description\":\"\",\"publisher\":{\"@id\":\"https:\\\/\\\/celineattar.com\\\/#organization\"},\"potentialAction\":[{\"@type\":\"SearchAction\",\"target\":{\"@type\":\"EntryPoint\",\"urlTemplate\":\"https:\\\/\\\/celineattar.com\\\/?s={search_term_string}\"},\"query-input\":{\"@type\":\"PropertyValueSpecification\",\"valueRequired\":true,\"valueName\":\"search_term_string\"}}],\"inLanguage\":\"en-US\"},{\"@type\":\"Organization\",\"@id\":\"https:\\\/\\\/celineattar.com\\\/#organization\",\"name\":\"C\u00e9line Attar | Naturopathe sant\u00e9 f\u00e9minine\",\"url\":\"https:\\\/\\\/celineattar.com\\\/\",\"logo\":{\"@type\":\"ImageObject\",\"inLanguage\":\"en-US\",\"@id\":\"https:\\\/\\\/celineattar.com\\\/#\\\/schema\\\/logo\\\/image\\\/\",\"url\":\"https:\\\/\\\/celineattar.com\\\/wp-content\\\/uploads\\\/2025\\\/09\\\/Copie-de-Celine-Attar-3-e1758707835275.png\",\"contentUrl\":\"https:\\\/\\\/celineattar.com\\\/wp-content\\\/uploads\\\/2025\\\/09\\\/Copie-de-Celine-Attar-3-e1758707835275.png\",\"width\":859,\"height\":114,\"caption\":\"C\u00e9line Attar | Naturopathe sant\u00e9 f\u00e9minine\"},\"image\":{\"@id\":\"https:\\\/\\\/celineattar.com\\\/#\\\/schema\\\/logo\\\/image\\\/\"},\"sameAs\":[\"https:\\\/\\\/www.instagram.com\\\/celineattar_naturo\"]}]}<\/script>\n<!-- \/ Yoast SEO plugin. -->","yoast_head_json":{"title":"Contact - C\u00e9line Attar | Naturopathe sant\u00e9 f\u00e9minine","description":"Vous pouvez me contacter en remplissant le formulaire ci-dessous. Je vous re\u00e7ois \u00e0 mon cabinet pr\u00e8s d'Aix-en-Provence ainsi qu'en visio.","robots":{"index":"index","follow":"follow","max-snippet":"max-snippet:-1","max-image-preview":"max-image-preview:large","max-video-preview":"max-video-preview:-1"},"canonical":"https:\/\/celineattar.com\/en\/contact\/","og_locale":"en_US","og_type":"article","og_title":"Contact - C\u00e9line Attar | Naturopathe sant\u00e9 f\u00e9minine","og_description":"Vous pouvez me contacter en remplissant le formulaire ci-dessous. Je vous re\u00e7ois \u00e0 mon cabinet pr\u00e8s d'Aix-en-Provence ainsi qu'en visio.","og_url":"https:\/\/celineattar.com\/en\/contact\/","og_site_name":"C\u00e9line Attar | Naturopathe sant\u00e9 f\u00e9minine","article_modified_time":"2026-02-22T15:06:30+00:00","og_image":[{"width":594,"height":742,"url":"https:\/\/celineattar.com\/wp-content\/uploads\/2026\/02\/Photo-profil-celine-attar-2.png","type":"image\/png"}],"twitter_card":"summary_large_image","twitter_misc":{"Est. reading time":"1 minute"},"schema":{"@context":"https:\/\/schema.org","@graph":[{"@type":["WebPage","ContactPage"],"@id":"https:\/\/celineattar.com\/contact\/","url":"https:\/\/celineattar.com\/contact\/","name":"Contact - C\u00e9line Attar | Naturopathe sant\u00e9 f\u00e9minine","isPartOf":{"@id":"https:\/\/celineattar.com\/#website"},"primaryImageOfPage":{"@id":"https:\/\/celineattar.com\/contact\/#primaryimage"},"image":{"@id":"https:\/\/celineattar.com\/contact\/#primaryimage"},"thumbnailUrl":"https:\/\/celineattar.com\/wp-content\/uploads\/2026\/02\/Photo-profil-celine-attar-2.png","datePublished":"2025-03-25T17:02:08+00:00","dateModified":"2026-02-22T15:06:30+00:00","description":"Vous pouvez me contacter en remplissant le formulaire ci-dessous. Je vous re\u00e7ois \u00e0 mon cabinet pr\u00e8s d'Aix-en-Provence ainsi qu'en visio.","breadcrumb":{"@id":"https:\/\/celineattar.com\/contact\/#breadcrumb"},"inLanguage":"en-US","potentialAction":[{"@type":"ReadAction","target":["https:\/\/celineattar.com\/contact\/"]}]},{"@type":"ImageObject","inLanguage":"en-US","@id":"https:\/\/celineattar.com\/contact\/#primaryimage","url":"https:\/\/celineattar.com\/wp-content\/uploads\/2026\/02\/Photo-profil-celine-attar-2.png","contentUrl":"https:\/\/celineattar.com\/wp-content\/uploads\/2026\/02\/Photo-profil-celine-attar-2.png"},{"@type":"BreadcrumbList","@id":"https:\/\/celineattar.com\/contact\/#breadcrumb","itemListElement":[{"@type":"ListItem","position":1,"name":"Accueil","item":"https:\/\/celineattar.com\/"},{"@type":"ListItem","position":2,"name":"Contact"}]},{"@type":"WebSite","@id":"https:\/\/celineattar.com\/#website","url":"https:\/\/celineattar.com\/","name":"C\u00e9line Attar | Naturopathe sant\u00e9 f\u00e9minine","description":"","publisher":{"@id":"https:\/\/celineattar.com\/#organization"},"potentialAction":[{"@type":"SearchAction","target":{"@type":"EntryPoint","urlTemplate":"https:\/\/celineattar.com\/?s={search_term_string}"},"query-input":{"@type":"PropertyValueSpecification","valueRequired":true,"valueName":"search_term_string"}}],"inLanguage":"en-US"},{"@type":"Organization","@id":"https:\/\/celineattar.com\/#organization","name":"C\u00e9line Attar | Naturopathe sant\u00e9 f\u00e9minine","url":"https:\/\/celineattar.com\/","logo":{"@type":"ImageObject","inLanguage":"en-US","@id":"https:\/\/celineattar.com\/#\/schema\/logo\/image\/","url":"https:\/\/celineattar.com\/wp-content\/uploads\/2025\/09\/Copie-de-Celine-Attar-3-e1758707835275.png","contentUrl":"https:\/\/celineattar.com\/wp-content\/uploads\/2025\/09\/Copie-de-Celine-Attar-3-e1758707835275.png","width":859,"height":114,"caption":"C\u00e9line Attar | Naturopathe sant\u00e9 f\u00e9minine"},"image":{"@id":"https:\/\/celineattar.com\/#\/schema\/logo\/image\/"},"sameAs":["https:\/\/www.instagram.com\/celineattar_naturo"]}]}},"_links":{"self":[{"href":"https:\/\/celineattar.com\/en\/wp-json\/wp\/v2\/pages\/60","targetHints":{"allow":["GET"]}}],"collection":[{"href":"https:\/\/celineattar.com\/en\/wp-json\/wp\/v2\/pages"}],"about":[{"href":"https:\/\/celineattar.com\/en\/wp-json\/wp\/v2\/types\/page"}],"author":[{"embeddable":true,"href":"https:\/\/celineattar.com\/en\/wp-json\/wp\/v2\/users\/1"}],"replies":[{"embeddable":true,"href":"https:\/\/celineattar.com\/en\/wp-json\/wp\/v2\/comments?post=60"}],"version-history":[{"count":76,"href":"https:\/\/celineattar.com\/en\/wp-json\/wp\/v2\/pages\/60\/revisions"}],"predecessor-version":[{"id":795,"href":"https:\/\/celineattar.com\/en\/wp-json\/wp\/v2\/pages\/60\/revisions\/795"}],"wp:attachment":[{"href":"https:\/\/celineattar.com\/en\/wp-json\/wp\/v2\/media?parent=60"}],"curies":[{"name":"wp","href":"https:\/\/api.w.org\/{rel}","templated":true}]}}